{"id":7462,"date":"2026-02-17T16:53:40","date_gmt":"2026-02-17T15:53:40","guid":{"rendered":"https:\/\/pet360.it\/?post_type=product&#038;p=7462"},"modified":"2026-03-04T15:34:36","modified_gmt":"2026-03-04T14:34:36","slug":"salute360-adult-maiale-grain-free","status":"publish","type":"product","link":"https:\/\/pet360.it\/de\/product\/salute360-adult-maiale-grain-free\/","title":{"rendered":"Adult Maiale Grain Free"},"content":{"rendered":"<p>Alimento completo <strong>grain free<\/strong> per cani adulti di tutte le razze, al<strong data-start=\"278\" data-end=\"306\"> gusto maiale e patate<\/strong>. Formula monoproteica con maiale come unica fonte proteica animale e patate come fonte di carboidrati, studiata per offrire alta appetibilit\u00e0, digeribilit\u00e0 e supporto nutrizionale quotidiano, ideale anche in caso di sensibilit\u00e0 alimentari.<\/p>","protected":false},"excerpt":{"rendered":"<p>\u2714 <strong data-start=\"553\" data-end=\"587\">Formula monoproteica al maiale<\/strong> \u2013 Con maiale come unica fonte proteica animale, indicata per la gestione delle sensibilit\u00e0 alimentari.<br data-start=\"690\" data-end=\"693\" \/><strong data-start=\"693\" data-end=\"718\">\u2714 Grain free con patate<\/strong> \u2013 Fonte di carboidrati facilmente digeribile, senza cereali e senza glutine.<br data-start=\"795\" data-end=\"798\" \/><strong data-start=\"798\" data-end=\"819\">\u2714 Alta appetibilit\u00e0<\/strong> \u2013 Ricetta studiata per soddisfare anche i palati pi\u00f9 esigenti.<br data-start=\"882\" data-end=\"885\" \/><strong data-start=\"885\" data-end=\"910\">\u2714 Benessere intestinale<\/strong> \u2013 Con FOS e polpa di cicoria ad azione prebiotica naturale.<br data-start=\"970\" data-end=\"973\" \/><strong data-start=\"973\" data-end=\"996\" data-is-only-node=\"\">\u2714 Supporto articolare<\/strong> \u2013 Con glucosamina e condroitina per ossa e articolazioni.<\/p>","protected":false},"featured_media":7464,"template":"","meta":{"_kad_post_transparent":"default","_kad_post_title":"","_kad_post_layout":"default","_kad_post_sidebar_id":"","_kad_post_content_style":"default","_kad_post_vertical_padding":"default","_kad_post_feature":"","_kad_post_feature_position":"","_kad_post_header":false,"_kad_post_footer":false,"_kad_post_classname":""},"product_brand":[134],"product_cat":[132,135],"product_tag":[200,188,263,212,275,265,264],"class_list":{"0":"post-7462","1":"product","2":"type-product","3":"status-publish","4":"has-post-thumbnail","6":"product_brand-salute360-dog","7":"product_cat-salute360-dog","8":"product_cat-salute360-grain-free-dog","9":"product_tag-alimentazione-completa","10":"product_tag-alta-digeribilita","11":"product_tag-grain-free","12":"product_tag-maiale","13":"product_tag-proteina-selezionata","14":"product_tag-sensibilita-alimentare","15":"product_tag-senza-cereali","17":"first","18":"instock","19":"taxable","20":"shipping-taxable","21":"purchasable","22":"product-type-variable","23":"entry","24":"content-bg","25":"loop-entry"},"_links":{"self":[{"href":"https:\/\/pet360.it\/de\/wp-json\/wp\/v2\/product\/7462","targetHints":{"allow":["GET"]}}],"collection":[{"href":"https:\/\/pet360.it\/de\/wp-json\/wp\/v2\/product"}],"about":[{"href":"https:\/\/pet360.it\/de\/wp-json\/wp\/v2\/types\/product"}],"wp:featuredmedia":[{"embeddable":true,"href":"https:\/\/pet360.it\/de\/wp-json\/wp\/v2\/media\/7464"}],"wp:attachment":[{"href":"https:\/\/pet360.it\/de\/wp-json\/wp\/v2\/media?parent=7462"}],"wp:term":[{"taxonomy":"product_brand","embeddable":true,"href":"https:\/\/pet360.it\/de\/wp-json\/wp\/v2\/product_brand?post=7462"},{"taxonomy":"product_cat","embeddable":true,"href":"https:\/\/pet360.it\/de\/wp-json\/wp\/v2\/product_cat?post=7462"},{"taxonomy":"product_tag","embeddable":true,"href":"https:\/\/pet360.it\/de\/wp-json\/wp\/v2\/product_tag?post=7462"}],"curies":[{"name":"wp","href":"https:\/\/api.w.org\/{rel}","templated":true}]}}