{"id":8567,"date":"2026-03-04T11:32:41","date_gmt":"2026-03-04T10:32:41","guid":{"rendered":"https:\/\/pet360.it\/?post_type=product&#038;p=8567"},"modified":"2026-03-04T16:53:59","modified_gmt":"2026-03-04T15:53:59","slug":"katzenfutter-mix","status":"publish","type":"product","link":"https:\/\/pet360.it\/de\/product\/cat-food-mix\/","title":{"rendered":"Katzenfutter-Mix"},"content":{"rendered":"<p data-start=\"264\" data-end=\"433\">Vollfutter f\u00fcr <strong data-start=\"286\" data-end=\"302\">Erwachsene Katzen<\/strong>, formuliert mit <strong data-start=\"318\" data-end=\"368\">Fleisch und tierische Nebenerzeugnisse (35%) und Getreide (40%)<\/strong>, f\u00fcr eine ausgewogene und f\u00fcr den t\u00e4glichen Gebrauch geeignete Ern\u00e4hrung. Das Rezept enth\u00e4lt <strong data-start=\"455\" data-end=\"488\">Vitamine A, D3 und E sowie Taurin<\/strong>, essentielle Aminos\u00e4ure f\u00fcr Katzen, die zur korrekten Funktion des Herz-Kreislauf-Systems und zur Erhaltung des Sehverm\u00f6gens beitr\u00e4gt. Dank des <strong data-start=\"645\" data-end=\"680\">kontrollierter Magnesiumspiegel<\/strong>, hilft, die physiologische Funktion der Harnwege zu unterst\u00fctzen. Ein praktisches und vollst\u00e4ndiges Futter, ideal f\u00fcr die t\u00e4gliche Ern\u00e4hrung von Katzen.<\/p>","protected":false},"excerpt":{"rendered":"<p>\u2714 <strong data-start=\"856\" data-end=\"894\">Alleinfuttermittel f\u00fcr erwachsene Katzen<\/strong>, ideal f\u00fcr die t\u00e4gliche Ern\u00e4hrung<br \/>\n\u2714 <strong data-start=\"938\" data-end=\"992\">Mit Fleisch und tierischen Nebenerzeugnissen (35%) und Getreide (40%)<\/strong> f\u00fcr eine ausgewogene N\u00e4hrstoffzufuhr<br \/>\n\u2714 <strong data-start=\"1037\" data-end=\"1074\">Mit Taurin und den Vitaminen A, D3 und E<\/strong> zur Unterst\u00fctzung normaler K\u00f6rperfunktionen<br \/>\n\u2714 <strong data-start=\"1133\" data-end=\"1168\">Kontrollierter Magnesiumspiegel<\/strong> n\u00fctzlich f\u00fcr die physiologische Funktion der Harnwege<br \/>\n\u2714 <strong data-start=\"1230\" data-end=\"1259\">30% Proteine \u2013 10% Fette<\/strong> f\u00fcr eine ausgewogene Ern\u00e4hrung<\/p>","protected":false},"featured_media":8569,"template":"","meta":{"_kad_post_transparent":"default","_kad_post_title":"","_kad_post_layout":"default","_kad_post_sidebar_id":"","_kad_post_content_style":"default","_kad_post_vertical_padding":"default","_kad_post_feature":"","_kad_post_feature_position":"","_kad_post_header":false,"_kad_post_footer":false,"_kad_post_classname":""},"product_brand":[380],"product_cat":[381,355],"product_tag":[394,398,399,392,396,391,386,393,395,397],"class_list":{"0":"post-8567","1":"product","2":"type-product","3":"status-publish","4":"has-post-thumbnail","6":"product_brand-cat-food","7":"product_cat-cat-food","8":"product_cat-gusto360-cat","9":"product_tag-alimento-gatto-adulto-completo","10":"product_tag-cat-mix-simpaty","11":"product_tag-cibo-gatto-conveniente","12":"product_tag-cibo-gatto-economico","13":"product_tag-cibo-gatto-uso-quotidiano","14":"product_tag-crocchette-gatto-20-kg","15":"product_tag-crocchette-gatto-30-proteine","16":"product_tag-crocchette-gatto-carne-e-cereali","17":"product_tag-crocchette-gatto-con-taurina","18":"product_tag-mangime-gatto-20-kg","20":"first","21":"instock","22":"taxable","23":"shipping-taxable","24":"purchasable","25":"product-type-variable","26":"entry","27":"content-bg","28":"loop-entry"},"_links":{"self":[{"href":"https:\/\/pet360.it\/de\/wp-json\/wp\/v2\/product\/8567","targetHints":{"allow":["GET"]}}],"collection":[{"href":"https:\/\/pet360.it\/de\/wp-json\/wp\/v2\/product"}],"about":[{"href":"https:\/\/pet360.it\/de\/wp-json\/wp\/v2\/types\/product"}],"wp:featuredmedia":[{"embeddable":true,"href":"https:\/\/pet360.it\/de\/wp-json\/wp\/v2\/media\/8569"}],"wp:attachment":[{"href":"https:\/\/pet360.it\/de\/wp-json\/wp\/v2\/media?parent=8567"}],"wp:term":[{"taxonomy":"product_brand","embeddable":true,"href":"https:\/\/pet360.it\/de\/wp-json\/wp\/v2\/product_brand?post=8567"},{"taxonomy":"product_cat","embeddable":true,"href":"https:\/\/pet360.it\/de\/wp-json\/wp\/v2\/product_cat?post=8567"},{"taxonomy":"product_tag","embeddable":true,"href":"https:\/\/pet360.it\/de\/wp-json\/wp\/v2\/product_tag?post=8567"}],"curies":[{"name":"wp","href":"https:\/\/api.w.org\/{rel}","templated":true}]}}