{"id":8980,"date":"2026-03-11T15:54:41","date_gmt":"2026-03-11T14:54:41","guid":{"rendered":"https:\/\/pet360.it\/?post_type=product&#038;p=8980"},"modified":"2026-03-13T09:07:27","modified_gmt":"2026-03-13T08:07:27","slug":"mini-adult-huhn-reis","status":"publish","type":"product","link":"https:\/\/pet360.it\/de\/product\/mini-adult-pollo-riso\/","title":{"rendered":"Mini Adult Huhn &amp; Reis"},"content":{"rendered":"<p data-start=\"917\" data-end=\"1226\">Gusto360 Mini Adult Huhn &amp; Reis ist ein Alleinfuttermittel, das die Ern\u00e4hrungsbed\u00fcrfnisse von kleinen und mittelgro\u00dfen erwachsenen Hunden erf\u00fcllt. Das Rezept kombiniert hochwertige tierische Proteine mit leicht verdaulichem Reis und liefert Energie sowie Unterst\u00fctzung f\u00fcr die Entwicklung und Erhaltung der Muskelmasse. Die Erg\u00e4nzung von <strong data-start=\"1246\" data-end=\"1267\">Omega 3 und Omega 6<\/strong>, zusammen mit essentiellen Vitaminen und Mineralstoffen, tr\u00e4gt zum Wohlbefinden der Haut und zur Fellglanz bei. Die Anwesenheit von <strong data-start=\"1396\" data-end=\"1446\">Zichorienpulpe und Fructooligosaccharide (FOS)<\/strong> f\u00f6rdert das Gleichgewicht der Darmflora, verbessert die Verdauung und die Aufnahme von N\u00e4hrstoffen. Die Formel ist zudem angereichert mit <strong data-start=\"1586\" data-end=\"1624\">Vitamine der B-Gruppe und Vitamin E<\/strong>, die den Energiestoffwechsel und die nat\u00fcrlichen Abwehrkr\u00e4fte des K\u00f6rpers unterst\u00fctzen. Die <strong data-start=\"1707\" data-end=\"1748\">nat\u00fcrliche Antioxidantien<\/strong> vollenden das Rezept und tragen zum allgemeinen Wohlbefinden des Hundes bei.<\/p>","protected":false},"excerpt":{"rendered":"<p>\u2714 <strong>H\u00e4hnchen<\/strong> als Quelle f\u00fcr hochwertiges Eiwei\u00df<br \/>\n\u2714<strong> Mit Reis<\/strong> leicht verdaulich<br \/>\n\u2714 <strong>Omega 3 und 6<\/strong> f\u00fcr gesunde Haut und gl\u00e4nzendes Fell<br \/>\n\u2714 <strong data-start=\"1157\" data-end=\"1187\">Mit FOS und Zichorienp\u00fclpe<\/strong> \u2013 f\u00f6rdert das Gleichgewicht im Darm<br \/>\n\u2714 Angereichert mit <strong>Vitamine<\/strong> nat\u00fcrliche Erben<\/p>","protected":false},"featured_media":8982,"template":"","meta":{"_kad_post_transparent":"default","_kad_post_title":"","_kad_post_layout":"default","_kad_post_sidebar_id":"","_kad_post_content_style":"default","_kad_post_vertical_padding":"default","_kad_post_feature":"","_kad_post_feature_position":"","_kad_post_header":false,"_kad_post_footer":false,"_kad_post_classname":""},"product_brand":[465],"product_cat":[466],"product_tag":[469,289,467,472,471,470,473,474,468,475],"class_list":{"0":"post-8980","1":"product","2":"type-product","3":"status-publish","4":"has-post-thumbnail","6":"product_brand-gusto360-dog","7":"product_cat-gusto360-dog","8":"product_tag-alimento-completo-cane-adulto","9":"product_tag-crocchette-cane","10":"product_tag-crocchette-cane-adulto","11":"product_tag-crocchette-cane-digeribili","12":"product_tag-crocchette-cane-taglia-media","13":"product_tag-crocchette-cane-taglia-piccola","14":"product_tag-crocchette-con-omega-3-e-6","15":"product_tag-crocchette-con-riso","16":"product_tag-crocchette-pollo-e-riso-cane","17":"product_tag-gusto360-cane","19":"first","20":"instock","21":"taxable","22":"shipping-taxable","23":"purchasable","24":"product-type-variable","25":"entry","26":"content-bg","27":"loop-entry"},"_links":{"self":[{"href":"https:\/\/pet360.it\/de\/wp-json\/wp\/v2\/product\/8980","targetHints":{"allow":["GET"]}}],"collection":[{"href":"https:\/\/pet360.it\/de\/wp-json\/wp\/v2\/product"}],"about":[{"href":"https:\/\/pet360.it\/de\/wp-json\/wp\/v2\/types\/product"}],"wp:featuredmedia":[{"embeddable":true,"href":"https:\/\/pet360.it\/de\/wp-json\/wp\/v2\/media\/8982"}],"wp:attachment":[{"href":"https:\/\/pet360.it\/de\/wp-json\/wp\/v2\/media?parent=8980"}],"wp:term":[{"taxonomy":"product_brand","embeddable":true,"href":"https:\/\/pet360.it\/de\/wp-json\/wp\/v2\/product_brand?post=8980"},{"taxonomy":"product_cat","embeddable":true,"href":"https:\/\/pet360.it\/de\/wp-json\/wp\/v2\/product_cat?post=8980"},{"taxonomy":"product_tag","embeddable":true,"href":"https:\/\/pet360.it\/de\/wp-json\/wp\/v2\/product_tag?post=8980"}],"curies":[{"name":"wp","href":"https:\/\/api.w.org\/{rel}","templated":true}]}}