{"id":7363,"date":"2026-02-13T15:16:38","date_gmt":"2026-02-13T14:16:38","guid":{"rendered":"https:\/\/pet360.it\/?post_type=product&#038;p=7363"},"modified":"2026-03-04T15:10:45","modified_gmt":"2026-03-04T14:10:45","slug":"forma360-adult-pate-maiale-riso","status":"publish","type":"product","link":"https:\/\/pet360.it\/en\/product\/forma360-adult-pate-maiale-riso\/","title":{"rendered":"Adult Pork and Rice Pat\u00e9"},"content":{"rendered":"<p>Adult Pat\u00e8 Maiale e Riso \u00e8 un alimento completo per cani adulti, preparato con maiale come unica fonte proteica animale, ideale anche per cani con sensibilit\u00e0 alimentari.<br \/>\nRicetta senza glutine, senza conservanti artificiali, con riso e olio di semi di girasole per supportare digeribilit\u00e0, energia e benessere quotidiano.<\/p>","protected":false},"excerpt":{"rendered":"<p>\u2714 <b>Maiale<\/b>\u2013 Come fonte proteica principale.<br \/>\n\u2714 <b>Alimento completo <\/b>\u2013 Per cani adulti.<br \/>\n\u2714 <strong data-start=\"1233\" data-end=\"1273\">Senza conservanti artificiali<\/strong><br \/>\n\u2714 <strong data-start=\"1320\" data-end=\"1345\">Senza Glutine<\/strong><br \/>\n\u2714 <strong data-start=\"1409\" data-end=\"1437\">Con Olio di semi di Girasole<\/strong><\/p>","protected":false},"featured_media":7366,"template":"","meta":{"_kad_post_transparent":"default","_kad_post_title":"","_kad_post_layout":"default","_kad_post_sidebar_id":"","_kad_post_content_style":"default","_kad_post_vertical_padding":"default","_kad_post_feature":"","_kad_post_feature_position":"","_kad_post_header":false,"_kad_post_footer":false,"_kad_post_classname":""},"product_brand":[125],"product_cat":[124],"product_tag":[282,279,277,280,212,274,278,281,287],"class_list":{"0":"post-7363","1":"product","2":"type-product","3":"status-publish","4":"has-post-thumbnail","6":"product_brand-forma360-dog","7":"product_cat-forma360-dog","8":"product_tag-adult","9":"product_tag-alimento-completo-umido","10":"product_tag-cibo-umido-cane","11":"product_tag-forma-360","12":"product_tag-maiale","13":"product_tag-monoproteico","14":"product_tag-pate-cane","15":"product_tag-senza-glutine","16":"product_tag-unica-fonte-proteica","18":"first","19":"instock","20":"taxable","21":"shipping-taxable","22":"product-type-variable","23":"entry","24":"content-bg","25":"loop-entry"},"_links":{"self":[{"href":"https:\/\/pet360.it\/en\/wp-json\/wp\/v2\/product\/7363","targetHints":{"allow":["GET"]}}],"collection":[{"href":"https:\/\/pet360.it\/en\/wp-json\/wp\/v2\/product"}],"about":[{"href":"https:\/\/pet360.it\/en\/wp-json\/wp\/v2\/types\/product"}],"wp:featuredmedia":[{"embeddable":true,"href":"https:\/\/pet360.it\/en\/wp-json\/wp\/v2\/media\/7366"}],"wp:attachment":[{"href":"https:\/\/pet360.it\/en\/wp-json\/wp\/v2\/media?parent=7363"}],"wp:term":[{"taxonomy":"product_brand","embeddable":true,"href":"https:\/\/pet360.it\/en\/wp-json\/wp\/v2\/product_brand?post=7363"},{"taxonomy":"product_cat","embeddable":true,"href":"https:\/\/pet360.it\/en\/wp-json\/wp\/v2\/product_cat?post=7363"},{"taxonomy":"product_tag","embeddable":true,"href":"https:\/\/pet360.it\/en\/wp-json\/wp\/v2\/product_tag?post=7363"}],"curies":[{"name":"wp","href":"https:\/\/api.w.org\/{rel}","templated":true}]}}