{"id":7370,"date":"2026-02-13T15:32:34","date_gmt":"2026-02-13T14:32:34","guid":{"rendered":"https:\/\/pet360.it\/?post_type=product&#038;p=7370"},"modified":"2026-03-04T15:13:49","modified_gmt":"2026-03-04T14:13:49","slug":"forma360-adult-pate-manzo-e-riso","status":"publish","type":"product","link":"https:\/\/pet360.it\/en\/product\/forma360-adult-pate-manzo-e-riso\/","title":{"rendered":"Adult Beef and Rice P\u00e2t\u00e9"},"content":{"rendered":"<p>Adult Pat\u00e8 Manzo e Riso \u00e8 un alimento completo per cani adulti, dal gusto intenso e altamente appetibile, ideale per l\u2019alimentazione quotidiana.<br \/>\nRicetta senza glutine, senza conservanti artificiali, con riso e olio di semi di girasole per favorire digeribilit\u00e0 ed energia.<\/p>","protected":false},"excerpt":{"rendered":"<p>\u2714 <b>Con Manzo e riso <\/b>\u2013 Pat\u00e8 altamente appetibile<br \/>\n\u2714 <b>Alimento completo <\/b>\u2013 Per cani adulti.<br \/>\n\u2714 <strong data-start=\"1233\" data-end=\"1273\">Senza conservanti artificiali<\/strong><br \/>\n\u2714 <strong data-start=\"1320\" data-end=\"1345\">Senza Glutine<\/strong><br \/>\n\u2714 <strong data-start=\"1409\" data-end=\"1437\">Con Olio di semi di Girasole<\/strong><\/p>","protected":false},"featured_media":7372,"template":"","meta":{"_kad_post_transparent":"default","_kad_post_title":"","_kad_post_layout":"default","_kad_post_sidebar_id":"","_kad_post_content_style":"default","_kad_post_vertical_padding":"default","_kad_post_feature":"","_kad_post_feature_position":"","_kad_post_header":false,"_kad_post_footer":false,"_kad_post_classname":""},"product_brand":[125],"product_cat":[124],"product_tag":[282,279,215,277,280,285,278,286,281],"class_list":{"0":"post-7370","1":"product","2":"type-product","3":"status-publish","4":"has-post-thumbnail","6":"product_brand-forma360-dog","7":"product_cat-forma360-dog","8":"product_tag-adult","9":"product_tag-alimento-completo-umido","10":"product_tag-alta-appetibilita","11":"product_tag-cibo-umido-cane","12":"product_tag-forma-360","13":"product_tag-manzo","14":"product_tag-pate-cane","15":"product_tag-senza-conservanti-artificiali","16":"product_tag-senza-glutine","18":"first","19":"instock","20":"taxable","21":"shipping-taxable","22":"product-type-variable","23":"entry","24":"content-bg","25":"loop-entry"},"_links":{"self":[{"href":"https:\/\/pet360.it\/en\/wp-json\/wp\/v2\/product\/7370","targetHints":{"allow":["GET"]}}],"collection":[{"href":"https:\/\/pet360.it\/en\/wp-json\/wp\/v2\/product"}],"about":[{"href":"https:\/\/pet360.it\/en\/wp-json\/wp\/v2\/types\/product"}],"wp:featuredmedia":[{"embeddable":true,"href":"https:\/\/pet360.it\/en\/wp-json\/wp\/v2\/media\/7372"}],"wp:attachment":[{"href":"https:\/\/pet360.it\/en\/wp-json\/wp\/v2\/media?parent=7370"}],"wp:term":[{"taxonomy":"product_brand","embeddable":true,"href":"https:\/\/pet360.it\/en\/wp-json\/wp\/v2\/product_brand?post=7370"},{"taxonomy":"product_cat","embeddable":true,"href":"https:\/\/pet360.it\/en\/wp-json\/wp\/v2\/product_cat?post=7370"},{"taxonomy":"product_tag","embeddable":true,"href":"https:\/\/pet360.it\/en\/wp-json\/wp\/v2\/product_tag?post=7370"}],"curies":[{"name":"wp","href":"https:\/\/api.w.org\/{rel}","templated":true}]}}