{"id":7374,"date":"2026-02-13T15:39:47","date_gmt":"2026-02-13T14:39:47","guid":{"rendered":"https:\/\/pet360.it\/?post_type=product&#038;p=7374"},"modified":"2026-03-04T15:17:36","modified_gmt":"2026-03-04T14:17:36","slug":"forma360-adult-pate-pesce-e-riso","status":"publish","type":"product","link":"https:\/\/pet360.it\/en\/product\/forma360-adult-pate-pesce-e-riso\/","title":{"rendered":"Adult Fish and Rice Pat\u00e9"},"content":{"rendered":"<p>Adult Pat\u00e8 Pesce e Riso \u00e8 un alimento completo per cani adulti, formulato con pesce come unica fonte proteica animale, ideale anche per cani con sensibilit\u00e0 alimentari.<br \/>\nRicetta senza glutine, arricchita con vitamine del gruppo B, con riso e olio di semi di girasole per supportare benessere ed equilibrio nutrizionale.<\/p>","protected":false},"excerpt":{"rendered":"<p>\u2714 <b>Monoproteico Pesce <\/b>\u2013 Unica fonte proteica animale.<br \/>\n\u2714 <b>Alimento completo <\/b>\u2013 Per cani adulti.<br \/>\n\u2714 <strong data-start=\"1233\" data-end=\"1273\">Arricchito con Vitamine del Gruppo B<\/strong><br \/>\n\u2714 <strong data-start=\"1320\" data-end=\"1345\">Senza Glutine<\/strong><br \/>\n\u2714 <strong data-start=\"1409\" data-end=\"1437\">Con Olio di semi di Girasole<\/strong><\/p>","protected":false},"featured_media":7376,"template":"","meta":{"_kad_post_transparent":"default","_kad_post_title":"","_kad_post_layout":"default","_kad_post_sidebar_id":"","_kad_post_content_style":"default","_kad_post_vertical_padding":"default","_kad_post_feature":"","_kad_post_feature_position":"","_kad_post_header":false,"_kad_post_footer":false,"_kad_post_classname":""},"product_brand":[125],"product_cat":[401,124],"product_tag":[282,279,277,280,274,278,202,281,284],"class_list":{"0":"post-7374","1":"product","2":"type-product","3":"status-publish","4":"has-post-thumbnail","6":"product_brand-forma360-dog","7":"product_cat-cane","8":"product_cat-forma360-dog","9":"product_tag-adult","10":"product_tag-alimento-completo-umido","11":"product_tag-cibo-umido-cane","12":"product_tag-forma-360","13":"product_tag-monoproteico","14":"product_tag-pate-cane","15":"product_tag-pesce","16":"product_tag-senza-glutine","17":"product_tag-vitamine-gruppo-b","19":"first","20":"instock","21":"taxable","22":"shipping-taxable","23":"product-type-variable","24":"entry","25":"content-bg","26":"loop-entry"},"_links":{"self":[{"href":"https:\/\/pet360.it\/en\/wp-json\/wp\/v2\/product\/7374","targetHints":{"allow":["GET"]}}],"collection":[{"href":"https:\/\/pet360.it\/en\/wp-json\/wp\/v2\/product"}],"about":[{"href":"https:\/\/pet360.it\/en\/wp-json\/wp\/v2\/types\/product"}],"wp:featuredmedia":[{"embeddable":true,"href":"https:\/\/pet360.it\/en\/wp-json\/wp\/v2\/media\/7376"}],"wp:attachment":[{"href":"https:\/\/pet360.it\/en\/wp-json\/wp\/v2\/media?parent=7374"}],"wp:term":[{"taxonomy":"product_brand","embeddable":true,"href":"https:\/\/pet360.it\/en\/wp-json\/wp\/v2\/product_brand?post=7374"},{"taxonomy":"product_cat","embeddable":true,"href":"https:\/\/pet360.it\/en\/wp-json\/wp\/v2\/product_cat?post=7374"},{"taxonomy":"product_tag","embeddable":true,"href":"https:\/\/pet360.it\/en\/wp-json\/wp\/v2\/product_tag?post=7374"}],"curies":[{"name":"wp","href":"https:\/\/api.w.org\/{rel}","templated":true}]}}