{"id":9050,"date":"2026-03-13T08:51:38","date_gmt":"2026-03-13T07:51:38","guid":{"rendered":"https:\/\/pet360.it\/?post_type=product&#038;p=9050"},"modified":"2026-03-13T09:04:46","modified_gmt":"2026-03-13T08:04:46","slug":"delicia-sabrosa-mezcla","status":"publish","type":"product","link":"https:\/\/pet360.it\/es\/product\/delivit-tasty-mix\/","title":{"rendered":"Delivit Tasty Mix"},"content":{"rendered":"<p data-start=\"546\" data-end=\"710\">DeliVit <strong data-start=\"554\" data-end=\"567\">Mezcla sabrosa<\/strong> es un alimento completo para gatos adultos que se caracteriza por una mezcla de croquetas multigalletas, dise\u00f1adas para ofrecer variedad y alta apetencia. La receta combina <strong data-start=\"731\" data-end=\"760\">carnes, cereales y vitaminas<\/strong>, proporcionando los nutrientes necesarios para la alimentaci\u00f3n diaria del gato. El equilibrio entre prote\u00ednas, grasas y fibra contribuye al mantenimiento de la energ\u00eda y el bienestar general. La f\u00f3rmula contiene <strong data-start=\"966\" data-end=\"977\">taurina<\/strong>, amino\u00e1cido esencial para el gato, importante para la salud de la vista y del sistema cardiovascular. <strong data-start=\"1086\" data-end=\"1121\">nivel controlado de magnesio<\/strong> Adem\u00e1s contribuye al correcto funcionamiento de las v\u00edas urinarias. Gracias a la buena digestibilidad y a la mezcla de croquetas apetitosas, Tasty Mix representa una soluci\u00f3n pr\u00e1ctica para la alimentaci\u00f3n diaria del gato.<\/p>","protected":false},"excerpt":{"rendered":"<p>Mezcla de croquetas <strong>multi sabor<\/strong><br \/>\n\u2714 Con<strong> carnes, cereales <\/strong>e <strong>vitamina<\/strong><br \/>\n\u2714 Con <strong>taurina<\/strong> por la vista y el bienestar del gato.<br \/>\nBuena apetitosidad y digestibilidad<br \/>\n\u2714 Nivel controlado de magnesio<\/p>","protected":false},"featured_media":9052,"template":"","meta":{"_kad_post_transparent":"default","_kad_post_title":"","_kad_post_layout":"default","_kad_post_sidebar_id":"","_kad_post_content_style":"default","_kad_post_vertical_padding":"default","_kad_post_feature":"","_kad_post_feature_position":"","_kad_post_header":false,"_kad_post_footer":false,"_kad_post_classname":""},"product_brand":[476],"product_cat":[477],"product_tag":[384,478,391,357,480,395,388,479,481],"class_list":{"0":"post-9050","1":"product","2":"type-product","3":"status-publish","4":"has-post-thumbnail","6":"product_brand-delivit-cat","7":"product_cat-delivit-cat","8":"product_tag-alimento-completo-gatto","9":"product_tag-crocchette-gatto","10":"product_tag-crocchette-gatto-20-kg","11":"product_tag-crocchette-gatto-adulto","12":"product_tag-crocchette-gatto-con-cereali","13":"product_tag-crocchette-gatto-con-taurina","14":"product_tag-crocchette-gatto-economiche","15":"product_tag-crocchette-mix-gatto","16":"product_tag-delivit-gatto","18":"first","19":"instock","20":"taxable","21":"shipping-taxable","22":"purchasable","23":"product-type-variable","24":"entry","25":"content-bg","26":"loop-entry"},"_links":{"self":[{"href":"https:\/\/pet360.it\/es\/wp-json\/wp\/v2\/product\/9050","targetHints":{"allow":["GET"]}}],"collection":[{"href":"https:\/\/pet360.it\/es\/wp-json\/wp\/v2\/product"}],"about":[{"href":"https:\/\/pet360.it\/es\/wp-json\/wp\/v2\/types\/product"}],"wp:featuredmedia":[{"embeddable":true,"href":"https:\/\/pet360.it\/es\/wp-json\/wp\/v2\/media\/9052"}],"wp:attachment":[{"href":"https:\/\/pet360.it\/es\/wp-json\/wp\/v2\/media?parent=9050"}],"wp:term":[{"taxonomy":"product_brand","embeddable":true,"href":"https:\/\/pet360.it\/es\/wp-json\/wp\/v2\/product_brand?post=9050"},{"taxonomy":"product_cat","embeddable":true,"href":"https:\/\/pet360.it\/es\/wp-json\/wp\/v2\/product_cat?post=9050"},{"taxonomy":"product_tag","embeddable":true,"href":"https:\/\/pet360.it\/es\/wp-json\/wp\/v2\/product_tag?post=9050"}],"curies":[{"name":"wp","href":"https:\/\/api.w.org\/{rel}","templated":true}]}}