{"id":8351,"date":"2026-02-26T11:52:31","date_gmt":"2026-02-26T10:52:31","guid":{"rendered":"https:\/\/pet360.it\/?post_type=product&#038;p=8351"},"modified":"2026-03-04T16:07:38","modified_gmt":"2026-03-04T15:07:38","slug":"adult-energy-carni-cereali-fibre","status":"publish","type":"product","link":"https:\/\/pet360.it\/fr\/product\/adult-energy-carni-cereali-fibre\/","title":{"rendered":"\u00c9nergie adulte C\u00e9r\u00e9ales Carni Fibres"},"content":{"rendered":"<p data-start=\"251\" data-end=\"568\">Alimento secco completo per <strong data-start=\"283\" data-end=\"326\">cani adulti con elevata attivit\u00e0 fisica<\/strong>.<br data-start=\"327\" data-end=\"330\" \/>La formula Energy \u00e8 studiata per fornire un <strong data-start=\"374\" data-end=\"406\">apporto energetico superiore<\/strong>, grazie a un maggior contenuto di proteine e grassi, supportando resistenza, vitalit\u00e0 e prestazioni quotidiane.<\/p>","protected":false},"excerpt":{"rendered":"<p>\u2714 <strong data-start=\"547\" data-end=\"566\">Per cani adulti attivi<\/strong> \u2013 Ideale per cani con attivit\u00e0 fisica intensa.<br \/>\n\u2714 <strong data-start=\"618\" data-end=\"634\">Alta energia<\/strong> \u2013 Elevato apporto di proteine e grassi.<br \/>\n\u2714 <strong data-start=\"679\" data-end=\"699\">Formula completa<\/strong> \u2013 Con carni, cereali, fibre e vitamine.<br \/>\n\u2714 <strong data-start=\"744\" data-end=\"755\">Con FOS<\/strong> \u2013 Azione prebiotica per il benessere intestinale.<br \/>\n\u2714 <strong data-start=\"810\" data-end=\"844\">Supporta vitalit\u00e0 e resistenza<\/strong> \u2013 Per affrontare al meglio l\u2019attivit\u00e0 quotidiana.<\/p>","protected":false},"featured_media":8353,"template":"","meta":{"_kad_post_transparent":"default","_kad_post_title":"","_kad_post_layout":"default","_kad_post_sidebar_id":"","_kad_post_content_style":"default","_kad_post_vertical_padding":"default","_kad_post_feature":"","_kad_post_feature_position":"","_kad_post_header":false,"_kad_post_footer":false,"_kad_post_classname":""},"product_brand":[146],"product_cat":[154,144,143],"product_tag":[200,156,305,231,240,307,308,309,213,241,230],"class_list":{"0":"post-8351","1":"product","2":"type-product","3":"status-publish","4":"has-post-thumbnail","6":"product_brand-simpaty","7":"product_cat-energy","8":"product_cat-simpaty","9":"product_cat-simpaty-dog","10":"product_tag-alimentazione-completa","11":"product_tag-alta-energia","12":"product_tag-attivita-intensa","13":"product_tag-cane-adulto","14":"product_tag-cane-attivo","15":"product_tag-carni","16":"product_tag-cereali","17":"product_tag-fibre","18":"product_tag-nutrizione-equilibrata","19":"product_tag-supporto-energetico","20":"product_tag-vitalita","22":"first","23":"instock","24":"taxable","25":"shipping-taxable","26":"product-type-variable","27":"entry","28":"content-bg","29":"loop-entry"},"_links":{"self":[{"href":"https:\/\/pet360.it\/fr\/wp-json\/wp\/v2\/product\/8351","targetHints":{"allow":["GET"]}}],"collection":[{"href":"https:\/\/pet360.it\/fr\/wp-json\/wp\/v2\/product"}],"about":[{"href":"https:\/\/pet360.it\/fr\/wp-json\/wp\/v2\/types\/product"}],"wp:featuredmedia":[{"embeddable":true,"href":"https:\/\/pet360.it\/fr\/wp-json\/wp\/v2\/media\/8353"}],"wp:attachment":[{"href":"https:\/\/pet360.it\/fr\/wp-json\/wp\/v2\/media?parent=8351"}],"wp:term":[{"taxonomy":"product_brand","embeddable":true,"href":"https:\/\/pet360.it\/fr\/wp-json\/wp\/v2\/product_brand?post=8351"},{"taxonomy":"product_cat","embeddable":true,"href":"https:\/\/pet360.it\/fr\/wp-json\/wp\/v2\/product_cat?post=8351"},{"taxonomy":"product_tag","embeddable":true,"href":"https:\/\/pet360.it\/fr\/wp-json\/wp\/v2\/product_tag?post=8351"}],"curies":[{"name":"wp","href":"https:\/\/api.w.org\/{rel}","templated":true}]}}