{"id":8567,"date":"2026-03-04T11:32:41","date_gmt":"2026-03-04T10:32:41","guid":{"rendered":"https:\/\/pet360.it\/?post_type=product&#038;p=8567"},"modified":"2026-03-04T16:53:59","modified_gmt":"2026-03-04T15:53:59","slug":"melange-de-nourriture-pour-chat","status":"publish","type":"product","link":"https:\/\/pet360.it\/fr\/product\/cat-food-mix\/","title":{"rendered":"M\u00e9lange pour nourriture pour chats"},"content":{"rendered":"<p data-start=\"264\" data-end=\"433\">Aliment complet pour <strong data-start=\"286\" data-end=\"302\">chats adultes<\/strong>, formul\u00e9 avec <strong data-start=\"318\" data-end=\"368\">viandes et d\u00e9riv\u00e9s d'animaux (35%) et c\u00e9r\u00e9ales (40%)<\/strong>, pour une alimentation \u00e9quilibr\u00e9e et adapt\u00e9e \u00e0 un usage quotidien. La recette contient <strong data-start=\"455\" data-end=\"488\">vitamine A, D3 et E et Taurine<\/strong>, acide amin\u00e9 essentiel pour le chat qui contribue au bon fonctionnement du syst\u00e8me cardiovasculaire et au maintien de la vision. Gr\u00e2ce au <strong data-start=\"645\" data-end=\"680\">niveau de magn\u00e9sium contr\u00f4l\u00e9<\/strong>, contribue \u00e0 soutenir la fonctionnalit\u00e9 physiologique des voies urinaires. Un aliment pratique et complet, id\u00e9al pour la nutrition quotidienne du chat.<\/p>","protected":false},"excerpt":{"rendered":"<p>\u2714 <strong data-start=\"856\" data-end=\"894\">Aliment complet pour chats adultes<\/strong>, id\u00e9al pour l'alimentation quotidienne<br \/>\n\u2714 <strong data-start=\"938\" data-end=\"992\">Avec des viandes et d\u00e9riv\u00e9s d\u2019animaux (35%) et des c\u00e9r\u00e9ales (40%)<\/strong> pour un apport nutritionnel \u00e9quilibr\u00e9<br \/>\n\u2714 <strong data-start=\"1037\" data-end=\"1074\">Avec taurine et vitamines A, D3 et E<\/strong> pour le soutien des fonctions normales de l'organisme<br \/>\n\u2714 <strong data-start=\"1133\" data-end=\"1168\">Niveau de magn\u00e9sium contr\u00f4l\u00e9<\/strong> utile per la fisiologica funzionalit\u00e0 delle vie urinarie<br \/>\n\u2714 <strong data-start=\"1230\" data-end=\"1259\">30% prot\u00e9ines \u2013 10% graisses<\/strong> pour une alimentation \u00e9quilibr\u00e9e<\/p>","protected":false},"featured_media":8569,"template":"","meta":{"_kad_post_transparent":"default","_kad_post_title":"","_kad_post_layout":"default","_kad_post_sidebar_id":"","_kad_post_content_style":"default","_kad_post_vertical_padding":"default","_kad_post_feature":"","_kad_post_feature_position":"","_kad_post_header":false,"_kad_post_footer":false,"_kad_post_classname":""},"product_brand":[380],"product_cat":[381,355],"product_tag":[394,398,399,392,396,391,386,393,395,397],"class_list":{"0":"post-8567","1":"product","2":"type-product","3":"status-publish","4":"has-post-thumbnail","6":"product_brand-cat-food","7":"product_cat-cat-food","8":"product_cat-gusto360-cat","9":"product_tag-alimento-gatto-adulto-completo","10":"product_tag-cat-mix-simpaty","11":"product_tag-cibo-gatto-conveniente","12":"product_tag-cibo-gatto-economico","13":"product_tag-cibo-gatto-uso-quotidiano","14":"product_tag-crocchette-gatto-20-kg","15":"product_tag-crocchette-gatto-30-proteine","16":"product_tag-crocchette-gatto-carne-e-cereali","17":"product_tag-crocchette-gatto-con-taurina","18":"product_tag-mangime-gatto-20-kg","20":"first","21":"instock","22":"taxable","23":"shipping-taxable","24":"purchasable","25":"product-type-variable","26":"entry","27":"content-bg","28":"loop-entry"},"_links":{"self":[{"href":"https:\/\/pet360.it\/fr\/wp-json\/wp\/v2\/product\/8567","targetHints":{"allow":["GET"]}}],"collection":[{"href":"https:\/\/pet360.it\/fr\/wp-json\/wp\/v2\/product"}],"about":[{"href":"https:\/\/pet360.it\/fr\/wp-json\/wp\/v2\/types\/product"}],"wp:featuredmedia":[{"embeddable":true,"href":"https:\/\/pet360.it\/fr\/wp-json\/wp\/v2\/media\/8569"}],"wp:attachment":[{"href":"https:\/\/pet360.it\/fr\/wp-json\/wp\/v2\/media?parent=8567"}],"wp:term":[{"taxonomy":"product_brand","embeddable":true,"href":"https:\/\/pet360.it\/fr\/wp-json\/wp\/v2\/product_brand?post=8567"},{"taxonomy":"product_cat","embeddable":true,"href":"https:\/\/pet360.it\/fr\/wp-json\/wp\/v2\/product_cat?post=8567"},{"taxonomy":"product_tag","embeddable":true,"href":"https:\/\/pet360.it\/fr\/wp-json\/wp\/v2\/product_tag?post=8567"}],"curies":[{"name":"wp","href":"https:\/\/api.w.org\/{rel}","templated":true}]}}